{"id":266,"date":"2021-11-19T14:20:06","date_gmt":"2021-11-19T14:20:06","guid":{"rendered":"https:\/\/florida.ms.decms.eu\/inscription-a-la-newsletter\/"},"modified":"2021-12-10T15:30:22","modified_gmt":"2021-12-10T15:30:22","slug":"suscripcion-al-boletin","status":"publish","type":"page","link":"https:\/\/www.hotel-florida-biarritz.com\/es\/suscripcion-al-boletin\/","title":{"rendered":"Suscripci\u00f3n al bolet\u00edn"},"content":{"rendered":"<p>* <span class=\"Y2IQFc\" lang=\"es\">Campos requeridos<\/span><\/p>\n\n                <div class='gf_browser_gecko gform_wrapper' id='gform_wrapper_6' ><form method='post' enctype='multipart\/form-data'  id='gform_6'  action='\/es\/wp-json\/wp\/v2\/pages\/266'>\n                        <div class='gform_body'><ul id='gform_fields_6' class='gform_fields top_label form_sublabel_below description_below'><li id='field_6_1'  class='gfield medium gfield_contains_required field_sublabel_below field_description_below gfield_visibility_visible' ><label class='gfield_label' for='input_6_1' >Apellido<span class='gfield_required'>*<\/span><\/label><div class='ginput_container ginput_container_text'><input name='input_1' id='input_6_1' type='text' value='' class='medium'    placeholder='Escribe tu nom' aria-required=\"true\" aria-invalid=\"false\" \/><\/div><\/li><li id='field_6_6'  class='gfield medium gfield_contains_required field_sublabel_below field_description_below gfield_visibility_visible' ><label class='gfield_label' for='input_6_6' >Nombre<span class='gfield_required'>*<\/span><\/label><div class='ginput_container ginput_container_text'><input name='input_6' id='input_6_6' type='text' value='' class='medium'    placeholder='Escribe tu nombre' aria-required=\"true\" aria-invalid=\"false\" \/><\/div><\/li><li id='field_6_7'  class='gfield gfield_contains_required field_sublabel_below field_description_below gfield_visibility_visible' ><label class='gfield_label' for='input_6_7' >Correo electronico<span class='gfield_required'>*<\/span><\/label><div class='ginput_container ginput_container_email'>\n                            <input name='input_7' id='input_6_7' type='text' value='' class='medium'   placeholder='Escribe su correo electronico' aria-required=\"true\" aria-invalid=\"false\" \/>\n                        <\/div><\/li><li id='field_6_4'  class='gfield gfield_contains_required field_sublabel_below field_description_below gfield_visibility_visible' ><label class='gfield_label'  >Politica de confidentialidad<span class='gfield_required'>*<\/span><\/label><div class='ginput_container ginput_container_checkbox'><ul class='gfield_checkbox' id='input_6_4'><li class='gchoice_6_4_1'>\n\t\t\t\t\t\t\t\t<input name='input_4.1' type='checkbox'  value='Acepto el tratamiento de los datos personales tal y como se indica en el &lt;a href=&quot;https:\/\/florida.ms.decms.eu\/es\/menciones-legales\/&quot;&gt;Menciones legales&lt;\/a&gt;'  id='choice_6_4_1'   \/>\n\t\t\t\t\t\t\t\t<label for='choice_6_4_1' id='label_6_4_1'>Acepto el tratamiento de los datos personales tal y como se indica en el <a href=\"https:\/\/florida.ms.decms.eu\/es\/menciones-legales\/\">Menciones legales<\/a><\/label>\n\t\t\t\t\t\t\t<\/li><\/ul><\/div><\/li><li id='field_6_5'  class='gfield field_sublabel_below field_description_below gfield_visibility_visible' ><label class='gfield_label' for='input_6_5' ><\/label><div id='input_6_5' class='ginput_container ginput_recaptcha' data-sitekey='6Lca4tocAAAAAPoqXN3U6uSvNA3gO1nFHdgjY0ff'  data-theme='light' data-tabindex='-1' data-size='invisible' data-badge='bottomright'><\/div><\/li><li id='field_6_8'  class='gfield gform_validation_container field_sublabel_below field_description_below gfield_visibility_visible' ><label class='gfield_label' for='input_6_8' >Comments<\/label><div class='ginput_container'><input name='input_8' id='input_6_8' type='text' value='' \/><\/div><div class='gfield_description' id='gfield_description_6_8'>Este campo es un campo de validaci\u00f3n y debe quedar sin cambios.<\/div><\/li>\n                            <\/ul><\/div>\n        <div class='gform_footer top_label'> <input type='submit' id='gform_submit_button_6' class='gform_button button' value='Registrarse'  onclick='if(window[\"gf_submitting_6\"]){return false;}  window[\"gf_submitting_6\"]=true;  ' onkeypress='if( event.keyCode == 13 ){ if(window[\"gf_submitting_6\"]){return false;} window[\"gf_submitting_6\"]=true;  jQuery(\"#gform_6\").trigger(\"submit\",[true]); }' \/> \n            <input type='hidden' class='gform_hidden' name='is_submit_6' value='1' \/>\n            <input type='hidden' class='gform_hidden' name='gform_submit' value='6' \/>\n            \n            <input type='hidden' class='gform_hidden' name='gform_unique_id' value='' \/>\n            <input type='hidden' class='gform_hidden' name='state_6' value='WyJbXSIsIjMzYmYyMWNkYTJhNzA4YTM1YzdlNzFmY2RiNzcyYTQwIl0=' \/>\n            <input type='hidden' class='gform_hidden' name='gform_target_page_number_6' id='gform_target_page_number_6' value='0' \/>\n            <input type='hidden' class='gform_hidden' name='gform_source_page_number_6' id='gform_source_page_number_6' value='1' \/>\n            <input type='hidden' name='gform_field_values' value='' \/>\n            \n        <\/div>\n                        <\/form>\n                        <\/div><script type='text\/javascript'> jQuery(document).bind('gform_post_render', function(event, formId, currentPage){if(formId == 6) {if(typeof Placeholders != 'undefined'){\n                        Placeholders.enable();\n                    }} } );jQuery(document).bind('gform_post_conditional_logic', function(event, formId, fields, isInit){} );<\/script><script type='text\/javascript'> jQuery(document).ready(function(){jQuery(document).trigger('gform_post_render', [6, 1]) } ); <\/script>\n","protected":false},"excerpt":{"rendered":"<p>* Campos requeridos<\/p>\n","protected":false},"author":46,"featured_media":0,"parent":0,"menu_order":92,"comment_status":"closed","ping_status":"closed","template":"","meta":{"footnotes":""},"class_list":["post-266","page","type-page","status-publish","hentry"],"yoast_head":"<!-- This site is optimized with the Yoast SEO plugin v26.9 - https:\/\/yoast.com\/product\/yoast-seo-wordpress\/ -->\n<title>Suscripci\u00f3n al bolet\u00edn - Hotel Florida<\/title>\n<meta name=\"description\" content=\"Suscr\u00edbase a la newsletter y reciba informaci\u00f3n y ofertas comerciales sobre el Hotel Florida\" \/>\n<meta name=\"robots\" content=\"index, follow, max-snippet:-1, max-image-preview:large, max-video-preview:-1\" \/>\n<link rel=\"canonical\" href=\"https:\/\/www.hotel-florida-biarritz.com\/es\/suscripcion-al-boletin\/\" \/>\n<meta property=\"og:locale\" content=\"es_ES\" \/>\n<meta property=\"og:type\" content=\"article\" \/>\n<meta property=\"og:title\" content=\"Suscripci\u00f3n al bolet\u00edn - Hotel Florida\" \/>\n<meta property=\"og:description\" content=\"Suscr\u00edbase a la newsletter y reciba informaci\u00f3n y ofertas comerciales sobre el Hotel Florida\" \/>\n<meta property=\"og:url\" content=\"https:\/\/www.hotel-florida-biarritz.com\/es\/suscripcion-al-boletin\/\" \/>\n<meta property=\"og:site_name\" content=\"Hotel Florida\" \/>\n<meta property=\"article:modified_time\" content=\"2021-12-10T15:30:22+00:00\" \/>\n<meta name=\"twitter:card\" content=\"summary_large_image\" \/>\n<meta name=\"twitter:label1\" content=\"Tiempo de lectura\" \/>\n\t<meta name=\"twitter:data1\" content=\"1 minuto\" \/>\n<script type=\"application\/ld+json\" class=\"yoast-schema-graph\">{\"@context\":\"https:\/\/schema.org\",\"@graph\":[{\"@type\":\"WebPage\",\"@id\":\"https:\/\/www.hotel-florida-biarritz.com\/es\/suscripcion-al-boletin\/\",\"url\":\"https:\/\/www.hotel-florida-biarritz.com\/es\/suscripcion-al-boletin\/\",\"name\":\"Suscripci\u00f3n al bolet\u00edn - Hotel Florida\",\"isPartOf\":{\"@id\":\"https:\/\/www.hotel-florida-biarritz.com\/es\/#website\"},\"datePublished\":\"2021-11-19T14:20:06+00:00\",\"dateModified\":\"2021-12-10T15:30:22+00:00\",\"description\":\"Suscr\u00edbase a la newsletter y reciba informaci\u00f3n y ofertas comerciales sobre el Hotel Florida\",\"breadcrumb\":{\"@id\":\"https:\/\/www.hotel-florida-biarritz.com\/es\/suscripcion-al-boletin\/#breadcrumb\"},\"inLanguage\":\"es\",\"potentialAction\":[{\"@type\":\"ReadAction\",\"target\":[\"https:\/\/www.hotel-florida-biarritz.com\/es\/suscripcion-al-boletin\/\"]}]},{\"@type\":\"BreadcrumbList\",\"@id\":\"https:\/\/www.hotel-florida-biarritz.com\/es\/suscripcion-al-boletin\/#breadcrumb\",\"itemListElement\":[{\"@type\":\"ListItem\",\"position\":1,\"name\":\"Home\",\"item\":\"https:\/\/www.hotel-florida-biarritz.com\/es\/\"},{\"@type\":\"ListItem\",\"position\":2,\"name\":\"Suscripci\u00f3n al bolet\u00edn\"}]},{\"@type\":\"WebSite\",\"@id\":\"https:\/\/www.hotel-florida-biarritz.com\/es\/#website\",\"url\":\"https:\/\/www.hotel-florida-biarritz.com\/es\/\",\"name\":\"Hotel Florida\",\"description\":\"\",\"potentialAction\":[{\"@type\":\"SearchAction\",\"target\":{\"@type\":\"EntryPoint\",\"urlTemplate\":\"https:\/\/www.hotel-florida-biarritz.com\/es\/?s={search_term_string}\"},\"query-input\":{\"@type\":\"PropertyValueSpecification\",\"valueRequired\":true,\"valueName\":\"search_term_string\"}}],\"inLanguage\":\"es\"}]}<\/script>\n<!-- \/ Yoast SEO plugin. -->","yoast_head_json":{"title":"Suscripci\u00f3n al bolet\u00edn - Hotel Florida","description":"Suscr\u00edbase a la newsletter y reciba informaci\u00f3n y ofertas comerciales sobre el Hotel Florida","robots":{"index":"index","follow":"follow","max-snippet":"max-snippet:-1","max-image-preview":"max-image-preview:large","max-video-preview":"max-video-preview:-1"},"canonical":"https:\/\/www.hotel-florida-biarritz.com\/es\/suscripcion-al-boletin\/","og_locale":"es_ES","og_type":"article","og_title":"Suscripci\u00f3n al bolet\u00edn - Hotel Florida","og_description":"Suscr\u00edbase a la newsletter y reciba informaci\u00f3n y ofertas comerciales sobre el Hotel Florida","og_url":"https:\/\/www.hotel-florida-biarritz.com\/es\/suscripcion-al-boletin\/","og_site_name":"Hotel Florida","article_modified_time":"2021-12-10T15:30:22+00:00","twitter_card":"summary_large_image","twitter_misc":{"Tiempo de lectura":"1 minuto"},"schema":{"@context":"https:\/\/schema.org","@graph":[{"@type":"WebPage","@id":"https:\/\/www.hotel-florida-biarritz.com\/es\/suscripcion-al-boletin\/","url":"https:\/\/www.hotel-florida-biarritz.com\/es\/suscripcion-al-boletin\/","name":"Suscripci\u00f3n al bolet\u00edn - Hotel Florida","isPartOf":{"@id":"https:\/\/www.hotel-florida-biarritz.com\/es\/#website"},"datePublished":"2021-11-19T14:20:06+00:00","dateModified":"2021-12-10T15:30:22+00:00","description":"Suscr\u00edbase a la newsletter y reciba informaci\u00f3n y ofertas comerciales sobre el Hotel Florida","breadcrumb":{"@id":"https:\/\/www.hotel-florida-biarritz.com\/es\/suscripcion-al-boletin\/#breadcrumb"},"inLanguage":"es","potentialAction":[{"@type":"ReadAction","target":["https:\/\/www.hotel-florida-biarritz.com\/es\/suscripcion-al-boletin\/"]}]},{"@type":"BreadcrumbList","@id":"https:\/\/www.hotel-florida-biarritz.com\/es\/suscripcion-al-boletin\/#breadcrumb","itemListElement":[{"@type":"ListItem","position":1,"name":"Home","item":"https:\/\/www.hotel-florida-biarritz.com\/es\/"},{"@type":"ListItem","position":2,"name":"Suscripci\u00f3n al bolet\u00edn"}]},{"@type":"WebSite","@id":"https:\/\/www.hotel-florida-biarritz.com\/es\/#website","url":"https:\/\/www.hotel-florida-biarritz.com\/es\/","name":"Hotel Florida","description":"","potentialAction":[{"@type":"SearchAction","target":{"@type":"EntryPoint","urlTemplate":"https:\/\/www.hotel-florida-biarritz.com\/es\/?s={search_term_string}"},"query-input":{"@type":"PropertyValueSpecification","valueRequired":true,"valueName":"search_term_string"}}],"inLanguage":"es"}]}},"acf":[],"_links":{"self":[{"href":"https:\/\/www.hotel-florida-biarritz.com\/es\/wp-json\/wp\/v2\/pages\/266","targetHints":{"allow":["GET"]}}],"collection":[{"href":"https:\/\/www.hotel-florida-biarritz.com\/es\/wp-json\/wp\/v2\/pages"}],"about":[{"href":"https:\/\/www.hotel-florida-biarritz.com\/es\/wp-json\/wp\/v2\/types\/page"}],"author":[{"embeddable":true,"href":"https:\/\/www.hotel-florida-biarritz.com\/es\/wp-json\/wp\/v2\/users\/46"}],"replies":[{"embeddable":true,"href":"https:\/\/www.hotel-florida-biarritz.com\/es\/wp-json\/wp\/v2\/comments?post=266"}],"version-history":[{"count":0,"href":"https:\/\/www.hotel-florida-biarritz.com\/es\/wp-json\/wp\/v2\/pages\/266\/revisions"}],"wp:attachment":[{"href":"https:\/\/www.hotel-florida-biarritz.com\/es\/wp-json\/wp\/v2\/media?parent=266"}],"curies":[{"name":"wp","href":"https:\/\/api.w.org\/{rel}","templated":true}]}}