{"id":264,"date":"2021-10-18T13:25:28","date_gmt":"2021-10-18T13:25:28","guid":{"rendered":"https:\/\/florida.ms.decms.eu\/offres-speciales\/"},"modified":"2022-01-07T08:38:44","modified_gmt":"2022-01-07T08:38:44","slug":"ofertas","status":"publish","type":"page","link":"https:\/\/www.hotel-florida-biarritz.com\/es\/ofertas\/","title":{"rendered":"Oferta especiale"},"content":{"rendered":"<p style=\"text-align: center;\">Las ventajas de la oferta<\/p>\n<p style=\"text-align: center;\">&#8211; Descuentos en su estancia: 10\u20ac m\u00ednimo por d\u00eda<br \/>\n&#8211; Cancelaci\u00f3n gratuita hasta J-3 antes de su estancia<\/p>\n<p style=\"text-align: center;\">Oferta exclusiva web del hotel Florida<\/p>\n","protected":false},"excerpt":{"rendered":"<p>Las ventajas de la oferta &#8211; Descuentos en su estancia: 10\u20ac m\u00ednimo por d\u00eda &#8211; Cancelaci\u00f3n gratuita hasta J-3 antes de su estancia Oferta exclusiva web del hotel Florida<\/p>\n","protected":false},"author":46,"featured_media":0,"parent":0,"menu_order":80,"comment_status":"closed","ping_status":"closed","template":"template-offers.php","meta":{"footnotes":""},"class_list":["post-264","page","type-page","status-publish","hentry"],"yoast_head":"<!-- This site is optimized with the Yoast SEO plugin v26.9 - https:\/\/yoast.com\/product\/yoast-seo-wordpress\/ -->\n<title>Oferta especiale - Hotel Florida<\/title>\n<meta name=\"description\" content=\"Las ventajas de la oferta - Descuentos en su estancia: 10\u20ac m\u00ednimo por d\u00eda - Cancelaci\u00f3n gratuita hasta J-3 antes de su estancia Oferta exclusiva web del\" \/>\n<meta name=\"robots\" content=\"index, follow, max-snippet:-1, max-image-preview:large, max-video-preview:-1\" \/>\n<link rel=\"canonical\" href=\"https:\/\/www.hotel-florida-biarritz.com\/es\/ofertas\/\" \/>\n<meta property=\"og:locale\" content=\"es_ES\" \/>\n<meta property=\"og:type\" content=\"article\" \/>\n<meta property=\"og:title\" content=\"Oferta especiale - Hotel Florida\" \/>\n<meta property=\"og:description\" content=\"Las ventajas de la oferta - Descuentos en su estancia: 10\u20ac m\u00ednimo por d\u00eda - Cancelaci\u00f3n gratuita hasta J-3 antes de su estancia Oferta exclusiva web del\" \/>\n<meta property=\"og:url\" content=\"https:\/\/www.hotel-florida-biarritz.com\/es\/ofertas\/\" \/>\n<meta property=\"og:site_name\" content=\"Hotel Florida\" \/>\n<meta property=\"article:modified_time\" content=\"2022-01-07T08:38:44+00:00\" \/>\n<meta name=\"twitter:card\" content=\"summary_large_image\" \/>\n<meta name=\"twitter:label1\" content=\"Tiempo de lectura\" \/>\n\t<meta name=\"twitter:data1\" content=\"1 minuto\" \/>\n<script type=\"application\/ld+json\" class=\"yoast-schema-graph\">{\"@context\":\"https:\/\/schema.org\",\"@graph\":[{\"@type\":\"WebPage\",\"@id\":\"https:\/\/www.hotel-florida-biarritz.com\/es\/ofertas\/\",\"url\":\"https:\/\/www.hotel-florida-biarritz.com\/es\/ofertas\/\",\"name\":\"Oferta especiale - Hotel Florida\",\"isPartOf\":{\"@id\":\"https:\/\/www.hotel-florida-biarritz.com\/es\/#website\"},\"datePublished\":\"2021-10-18T13:25:28+00:00\",\"dateModified\":\"2022-01-07T08:38:44+00:00\",\"description\":\"Las ventajas de la oferta - Descuentos en su estancia: 10\u20ac m\u00ednimo por d\u00eda - Cancelaci\u00f3n gratuita hasta J-3 antes de su estancia Oferta exclusiva web del\",\"breadcrumb\":{\"@id\":\"https:\/\/www.hotel-florida-biarritz.com\/es\/ofertas\/#breadcrumb\"},\"inLanguage\":\"es\",\"potentialAction\":[{\"@type\":\"ReadAction\",\"target\":[\"https:\/\/www.hotel-florida-biarritz.com\/es\/ofertas\/\"]}]},{\"@type\":\"BreadcrumbList\",\"@id\":\"https:\/\/www.hotel-florida-biarritz.com\/es\/ofertas\/#breadcrumb\",\"itemListElement\":[{\"@type\":\"ListItem\",\"position\":1,\"name\":\"Home\",\"item\":\"https:\/\/www.hotel-florida-biarritz.com\/es\/\"},{\"@type\":\"ListItem\",\"position\":2,\"name\":\"Oferta especiale\"}]},{\"@type\":\"WebSite\",\"@id\":\"https:\/\/www.hotel-florida-biarritz.com\/es\/#website\",\"url\":\"https:\/\/www.hotel-florida-biarritz.com\/es\/\",\"name\":\"Hotel Florida\",\"description\":\"\",\"potentialAction\":[{\"@type\":\"SearchAction\",\"target\":{\"@type\":\"EntryPoint\",\"urlTemplate\":\"https:\/\/www.hotel-florida-biarritz.com\/es\/?s={search_term_string}\"},\"query-input\":{\"@type\":\"PropertyValueSpecification\",\"valueRequired\":true,\"valueName\":\"search_term_string\"}}],\"inLanguage\":\"es\"}]}<\/script>\n<!-- \/ Yoast SEO plugin. -->","yoast_head_json":{"title":"Oferta especiale - Hotel Florida","description":"Las ventajas de la oferta - Descuentos en su estancia: 10\u20ac m\u00ednimo por d\u00eda - Cancelaci\u00f3n gratuita hasta J-3 antes de su estancia Oferta exclusiva web del","robots":{"index":"index","follow":"follow","max-snippet":"max-snippet:-1","max-image-preview":"max-image-preview:large","max-video-preview":"max-video-preview:-1"},"canonical":"https:\/\/www.hotel-florida-biarritz.com\/es\/ofertas\/","og_locale":"es_ES","og_type":"article","og_title":"Oferta especiale - Hotel Florida","og_description":"Las ventajas de la oferta - Descuentos en su estancia: 10\u20ac m\u00ednimo por d\u00eda - Cancelaci\u00f3n gratuita hasta J-3 antes de su estancia Oferta exclusiva web del","og_url":"https:\/\/www.hotel-florida-biarritz.com\/es\/ofertas\/","og_site_name":"Hotel Florida","article_modified_time":"2022-01-07T08:38:44+00:00","twitter_card":"summary_large_image","twitter_misc":{"Tiempo de lectura":"1 minuto"},"schema":{"@context":"https:\/\/schema.org","@graph":[{"@type":"WebPage","@id":"https:\/\/www.hotel-florida-biarritz.com\/es\/ofertas\/","url":"https:\/\/www.hotel-florida-biarritz.com\/es\/ofertas\/","name":"Oferta especiale - Hotel Florida","isPartOf":{"@id":"https:\/\/www.hotel-florida-biarritz.com\/es\/#website"},"datePublished":"2021-10-18T13:25:28+00:00","dateModified":"2022-01-07T08:38:44+00:00","description":"Las ventajas de la oferta - Descuentos en su estancia: 10\u20ac m\u00ednimo por d\u00eda - Cancelaci\u00f3n gratuita hasta J-3 antes de su estancia Oferta exclusiva web del","breadcrumb":{"@id":"https:\/\/www.hotel-florida-biarritz.com\/es\/ofertas\/#breadcrumb"},"inLanguage":"es","potentialAction":[{"@type":"ReadAction","target":["https:\/\/www.hotel-florida-biarritz.com\/es\/ofertas\/"]}]},{"@type":"BreadcrumbList","@id":"https:\/\/www.hotel-florida-biarritz.com\/es\/ofertas\/#breadcrumb","itemListElement":[{"@type":"ListItem","position":1,"name":"Home","item":"https:\/\/www.hotel-florida-biarritz.com\/es\/"},{"@type":"ListItem","position":2,"name":"Oferta especiale"}]},{"@type":"WebSite","@id":"https:\/\/www.hotel-florida-biarritz.com\/es\/#website","url":"https:\/\/www.hotel-florida-biarritz.com\/es\/","name":"Hotel Florida","description":"","potentialAction":[{"@type":"SearchAction","target":{"@type":"EntryPoint","urlTemplate":"https:\/\/www.hotel-florida-biarritz.com\/es\/?s={search_term_string}"},"query-input":{"@type":"PropertyValueSpecification","valueRequired":true,"valueName":"search_term_string"}}],"inLanguage":"es"}]}},"acf":[],"_links":{"self":[{"href":"https:\/\/www.hotel-florida-biarritz.com\/es\/wp-json\/wp\/v2\/pages\/264","targetHints":{"allow":["GET"]}}],"collection":[{"href":"https:\/\/www.hotel-florida-biarritz.com\/es\/wp-json\/wp\/v2\/pages"}],"about":[{"href":"https:\/\/www.hotel-florida-biarritz.com\/es\/wp-json\/wp\/v2\/types\/page"}],"author":[{"embeddable":true,"href":"https:\/\/www.hotel-florida-biarritz.com\/es\/wp-json\/wp\/v2\/users\/46"}],"replies":[{"embeddable":true,"href":"https:\/\/www.hotel-florida-biarritz.com\/es\/wp-json\/wp\/v2\/comments?post=264"}],"version-history":[{"count":0,"href":"https:\/\/www.hotel-florida-biarritz.com\/es\/wp-json\/wp\/v2\/pages\/264\/revisions"}],"wp:attachment":[{"href":"https:\/\/www.hotel-florida-biarritz.com\/es\/wp-json\/wp\/v2\/media?parent=264"}],"curies":[{"name":"wp","href":"https:\/\/api.w.org\/{rel}","templated":true}]}}