{"id":253,"date":"2021-10-14T16:33:30","date_gmt":"2021-10-14T16:33:30","guid":{"rendered":"https:\/\/florida.ms.decms.eu\/nuestros-servicios\/petit-dejeuner\/"},"modified":"2024-07-27T07:06:30","modified_gmt":"2024-07-27T07:06:30","slug":"desayuno","status":"publish","type":"page","link":"https:\/\/www.hotel-florida-biarritz.com\/es\/nuestros-servicios\/desayuno\/","title":{"rendered":"Desayuno"},"content":{"rendered":"<p>&nbsp;<\/p>\n<p>Desayuno buffet servido de 7:15 a 10:30 o en la habitaci\u00f3n (con un suplemento de 5\u20ac).<\/p>\n<p>El buffet se compone de :<\/p>\n<ul>\n<li>Pan baguette tradici\u00f3n, croissants, boller\u00eda<\/li>\n<li>Crepes, panqueques, gofres y magdalenas<\/li>\n<li>Zumo de naranja, zumo de manzana y zumo Detox<\/li>\n<li>Bebidas calientes a voluntad (t\u00e9 y infusi\u00f3n Whittington, caf\u00e9, chocolate caliente, capuchino)<\/li>\n<li>Mermeladas y miel de nuestra regi\u00f3n<\/li>\n<li>Frutas frescas y secas, yogur, compota, cereales<\/li>\n<li>Bandeja de embutidos y quesos<\/li>\n<li>Huevos, tocino y tortilla<\/li>\n<\/ul>\n<p>17\u20ac por persona.<\/p>\n","protected":false},"excerpt":{"rendered":"<p>&nbsp; Desayuno buffet servido de 7:15 a 10:30 o en la habitaci\u00f3n (con un suplemento de 5\u20ac). El buffet se compone de : Pan baguette tradici\u00f3n, croissants, boller\u00eda Crepes, panqueques, gofres y magdalenas Zumo de naranja, zumo de manzana y zumo Detox Bebidas calientes a voluntad (t\u00e9 y infusi\u00f3n Whittington, caf\u00e9, chocolate caliente, capuchino) Mermeladas [&hellip;]<\/p>\n","protected":false},"author":137,"featured_media":0,"parent":250,"menu_order":420,"comment_status":"closed","ping_status":"closed","template":"template-default-3.php","meta":{"footnotes":""},"class_list":["post-253","page","type-page","status-publish","hentry"],"yoast_head":"<!-- This site is optimized with the Yoast SEO plugin v26.9 - https:\/\/yoast.com\/product\/yoast-seo-wordpress\/ -->\n<title>Desayuno - Hotel Florida<\/title>\n<meta name=\"description\" content=\"&nbsp; Desayuno buffet servido de 7:15 a 10:30 o en la habitaci\u00f3n (con un suplemento de 5\u20ac). El buffet se compone de : Pan baguette tradici\u00f3n, croissants,\" \/>\n<meta name=\"robots\" content=\"index, follow, max-snippet:-1, max-image-preview:large, max-video-preview:-1\" \/>\n<link rel=\"canonical\" href=\"https:\/\/www.hotel-florida-biarritz.com\/es\/nuestros-servicios\/desayuno\/\" \/>\n<meta property=\"og:locale\" content=\"es_ES\" \/>\n<meta property=\"og:type\" content=\"article\" \/>\n<meta property=\"og:title\" content=\"Desayuno - Hotel Florida\" \/>\n<meta property=\"og:description\" content=\"&nbsp; Desayuno buffet servido de 7:15 a 10:30 o en la habitaci\u00f3n (con un suplemento de 5\u20ac). El buffet se compone de : Pan baguette tradici\u00f3n, croissants,\" \/>\n<meta property=\"og:url\" content=\"https:\/\/www.hotel-florida-biarritz.com\/es\/nuestros-servicios\/desayuno\/\" \/>\n<meta property=\"og:site_name\" content=\"Hotel Florida\" \/>\n<meta property=\"article:modified_time\" content=\"2024-07-27T07:06:30+00:00\" \/>\n<meta name=\"twitter:card\" content=\"summary_large_image\" \/>\n<meta name=\"twitter:label1\" content=\"Tiempo de lectura\" \/>\n\t<meta name=\"twitter:data1\" content=\"1 minuto\" \/>\n<script type=\"application\/ld+json\" class=\"yoast-schema-graph\">{\"@context\":\"https:\/\/schema.org\",\"@graph\":[{\"@type\":\"WebPage\",\"@id\":\"https:\/\/www.hotel-florida-biarritz.com\/es\/nuestros-servicios\/desayuno\/\",\"url\":\"https:\/\/www.hotel-florida-biarritz.com\/es\/nuestros-servicios\/desayuno\/\",\"name\":\"Desayuno - Hotel Florida\",\"isPartOf\":{\"@id\":\"https:\/\/www.hotel-florida-biarritz.com\/es\/#website\"},\"datePublished\":\"2021-10-14T16:33:30+00:00\",\"dateModified\":\"2024-07-27T07:06:30+00:00\",\"description\":\"&nbsp; Desayuno buffet servido de 7:15 a 10:30 o en la habitaci\u00f3n (con un suplemento de 5\u20ac). El buffet se compone de : Pan baguette tradici\u00f3n, croissants,\",\"breadcrumb\":{\"@id\":\"https:\/\/www.hotel-florida-biarritz.com\/es\/nuestros-servicios\/desayuno\/#breadcrumb\"},\"inLanguage\":\"es\",\"potentialAction\":[{\"@type\":\"ReadAction\",\"target\":[\"https:\/\/www.hotel-florida-biarritz.com\/es\/nuestros-servicios\/desayuno\/\"]}]},{\"@type\":\"BreadcrumbList\",\"@id\":\"https:\/\/www.hotel-florida-biarritz.com\/es\/nuestros-servicios\/desayuno\/#breadcrumb\",\"itemListElement\":[{\"@type\":\"ListItem\",\"position\":1,\"name\":\"Home\",\"item\":\"https:\/\/www.hotel-florida-biarritz.com\/es\/\"},{\"@type\":\"ListItem\",\"position\":2,\"name\":\"Nuestros servicios\",\"item\":\"https:\/\/www.hotel-florida-biarritz.com\/es\/nuestros-servicios\/\"},{\"@type\":\"ListItem\",\"position\":3,\"name\":\"Desayuno\"}]},{\"@type\":\"WebSite\",\"@id\":\"https:\/\/www.hotel-florida-biarritz.com\/es\/#website\",\"url\":\"https:\/\/www.hotel-florida-biarritz.com\/es\/\",\"name\":\"Hotel Florida\",\"description\":\"\",\"potentialAction\":[{\"@type\":\"SearchAction\",\"target\":{\"@type\":\"EntryPoint\",\"urlTemplate\":\"https:\/\/www.hotel-florida-biarritz.com\/es\/?s={search_term_string}\"},\"query-input\":{\"@type\":\"PropertyValueSpecification\",\"valueRequired\":true,\"valueName\":\"search_term_string\"}}],\"inLanguage\":\"es\"}]}<\/script>\n<!-- \/ Yoast SEO plugin. -->","yoast_head_json":{"title":"Desayuno - Hotel Florida","description":"&nbsp; Desayuno buffet servido de 7:15 a 10:30 o en la habitaci\u00f3n (con un suplemento de 5\u20ac). El buffet se compone de : Pan baguette tradici\u00f3n, croissants,","robots":{"index":"index","follow":"follow","max-snippet":"max-snippet:-1","max-image-preview":"max-image-preview:large","max-video-preview":"max-video-preview:-1"},"canonical":"https:\/\/www.hotel-florida-biarritz.com\/es\/nuestros-servicios\/desayuno\/","og_locale":"es_ES","og_type":"article","og_title":"Desayuno - Hotel Florida","og_description":"&nbsp; Desayuno buffet servido de 7:15 a 10:30 o en la habitaci\u00f3n (con un suplemento de 5\u20ac). El buffet se compone de : Pan baguette tradici\u00f3n, croissants,","og_url":"https:\/\/www.hotel-florida-biarritz.com\/es\/nuestros-servicios\/desayuno\/","og_site_name":"Hotel Florida","article_modified_time":"2024-07-27T07:06:30+00:00","twitter_card":"summary_large_image","twitter_misc":{"Tiempo de lectura":"1 minuto"},"schema":{"@context":"https:\/\/schema.org","@graph":[{"@type":"WebPage","@id":"https:\/\/www.hotel-florida-biarritz.com\/es\/nuestros-servicios\/desayuno\/","url":"https:\/\/www.hotel-florida-biarritz.com\/es\/nuestros-servicios\/desayuno\/","name":"Desayuno - Hotel Florida","isPartOf":{"@id":"https:\/\/www.hotel-florida-biarritz.com\/es\/#website"},"datePublished":"2021-10-14T16:33:30+00:00","dateModified":"2024-07-27T07:06:30+00:00","description":"&nbsp; Desayuno buffet servido de 7:15 a 10:30 o en la habitaci\u00f3n (con un suplemento de 5\u20ac). El buffet se compone de : Pan baguette tradici\u00f3n, croissants,","breadcrumb":{"@id":"https:\/\/www.hotel-florida-biarritz.com\/es\/nuestros-servicios\/desayuno\/#breadcrumb"},"inLanguage":"es","potentialAction":[{"@type":"ReadAction","target":["https:\/\/www.hotel-florida-biarritz.com\/es\/nuestros-servicios\/desayuno\/"]}]},{"@type":"BreadcrumbList","@id":"https:\/\/www.hotel-florida-biarritz.com\/es\/nuestros-servicios\/desayuno\/#breadcrumb","itemListElement":[{"@type":"ListItem","position":1,"name":"Home","item":"https:\/\/www.hotel-florida-biarritz.com\/es\/"},{"@type":"ListItem","position":2,"name":"Nuestros servicios","item":"https:\/\/www.hotel-florida-biarritz.com\/es\/nuestros-servicios\/"},{"@type":"ListItem","position":3,"name":"Desayuno"}]},{"@type":"WebSite","@id":"https:\/\/www.hotel-florida-biarritz.com\/es\/#website","url":"https:\/\/www.hotel-florida-biarritz.com\/es\/","name":"Hotel Florida","description":"","potentialAction":[{"@type":"SearchAction","target":{"@type":"EntryPoint","urlTemplate":"https:\/\/www.hotel-florida-biarritz.com\/es\/?s={search_term_string}"},"query-input":{"@type":"PropertyValueSpecification","valueRequired":true,"valueName":"search_term_string"}}],"inLanguage":"es"}]}},"acf":[],"_links":{"self":[{"href":"https:\/\/www.hotel-florida-biarritz.com\/es\/wp-json\/wp\/v2\/pages\/253","targetHints":{"allow":["GET"]}}],"collection":[{"href":"https:\/\/www.hotel-florida-biarritz.com\/es\/wp-json\/wp\/v2\/pages"}],"about":[{"href":"https:\/\/www.hotel-florida-biarritz.com\/es\/wp-json\/wp\/v2\/types\/page"}],"author":[{"embeddable":true,"href":"https:\/\/www.hotel-florida-biarritz.com\/es\/wp-json\/wp\/v2\/users\/137"}],"replies":[{"embeddable":true,"href":"https:\/\/www.hotel-florida-biarritz.com\/es\/wp-json\/wp\/v2\/comments?post=253"}],"version-history":[{"count":0,"href":"https:\/\/www.hotel-florida-biarritz.com\/es\/wp-json\/wp\/v2\/pages\/253\/revisions"}],"up":[{"embeddable":true,"href":"https:\/\/www.hotel-florida-biarritz.com\/es\/wp-json\/wp\/v2\/pages\/250"}],"wp:attachment":[{"href":"https:\/\/www.hotel-florida-biarritz.com\/es\/wp-json\/wp\/v2\/media?parent=253"}],"curies":[{"name":"wp","href":"https:\/\/api.w.org\/{rel}","templated":true}]}}