{"id":251,"date":"2021-10-14T16:06:36","date_gmt":"2021-10-14T16:06:36","guid":{"rendered":"https:\/\/florida.ms.decms.eu\/nuestros-servicios\/prestations-et-services\/"},"modified":"2022-01-03T09:55:30","modified_gmt":"2022-01-03T09:55:30","slug":"beneficios-y-servicios","status":"publish","type":"page","link":"https:\/\/www.hotel-florida-biarritz.com\/es\/nuestros-servicios\/beneficios-y-servicios\/","title":{"rendered":"Beneficios y servicios"},"content":{"rendered":"<ul>\n<li>Checkin a partir de las 16h00\/ Checkout 11h00<\/li>\n<li>Wifi gratuito en todo el hotel<\/li>\n<li>Recepci\u00f3n abierta 24h\/24h<\/li>\n<li>Aparcamiento p\u00fablico de pago bajo el hotel<\/li>\n<li>Equipo multiling\u00fce: ingl\u00e9s, espa\u00f1ol<\/li>\n<li>Nuestros amigos animales (menos de 15kg) son permitidos (con cargo extra)<\/li>\n<li>Servicio de habitaciones<\/li>\n<li>Hotel No fumador<\/li>\n<li>Gimnasio<\/li>\n<li>Sala de almacenamiento Surf y bicicleta<\/li>\n<li>Sala de Seminario de 50m\u00b2<\/li>\n<li>Aire acondicionado<\/li>\n<\/ul>\n","protected":false},"excerpt":{"rendered":"<p>Checkin a partir de las 16h00\/ Checkout 11h00 Wifi gratuito en todo el hotel Recepci\u00f3n abierta 24h\/24h Aparcamiento p\u00fablico de pago bajo el hotel Equipo multiling\u00fce: ingl\u00e9s, espa\u00f1ol Nuestros amigos animales (menos de 15kg) son permitidos (con cargo extra) Servicio de habitaciones Hotel No fumador Gimnasio Sala de almacenamiento Surf y bicicleta Sala de Seminario [&hellip;]<\/p>\n","protected":false},"author":137,"featured_media":0,"parent":250,"menu_order":410,"comment_status":"closed","ping_status":"closed","template":"template-default-3.php","meta":{"footnotes":""},"class_list":["post-251","page","type-page","status-publish","hentry"],"yoast_head":"<!-- This site is optimized with the Yoast SEO plugin v26.9 - https:\/\/yoast.com\/product\/yoast-seo-wordpress\/ -->\n<title>Beneficios y servicios - Hotel Florida<\/title>\n<meta name=\"description\" content=\"Checkin a partir de las 16h00\/ Checkout 11h00 Wifi gratuito en todo el hotel Recepci\u00f3n abierta 24h\/24h Aparcamiento p\u00fablico de pago bajo el hotel Equipo\" \/>\n<meta name=\"robots\" content=\"index, follow, max-snippet:-1, max-image-preview:large, max-video-preview:-1\" \/>\n<link rel=\"canonical\" href=\"https:\/\/www.hotel-florida-biarritz.com\/es\/nuestros-servicios\/beneficios-y-servicios\/\" \/>\n<meta property=\"og:locale\" content=\"es_ES\" \/>\n<meta property=\"og:type\" content=\"article\" \/>\n<meta property=\"og:title\" content=\"Beneficios y servicios - Hotel Florida\" \/>\n<meta property=\"og:description\" content=\"Checkin a partir de las 16h00\/ Checkout 11h00 Wifi gratuito en todo el hotel Recepci\u00f3n abierta 24h\/24h Aparcamiento p\u00fablico de pago bajo el hotel Equipo\" \/>\n<meta property=\"og:url\" content=\"https:\/\/www.hotel-florida-biarritz.com\/es\/nuestros-servicios\/beneficios-y-servicios\/\" \/>\n<meta property=\"og:site_name\" content=\"Hotel Florida\" \/>\n<meta property=\"article:modified_time\" content=\"2022-01-03T09:55:30+00:00\" \/>\n<meta name=\"twitter:card\" content=\"summary_large_image\" \/>\n<meta name=\"twitter:label1\" content=\"Tiempo de lectura\" \/>\n\t<meta name=\"twitter:data1\" content=\"1 minuto\" \/>\n<script type=\"application\/ld+json\" class=\"yoast-schema-graph\">{\"@context\":\"https:\/\/schema.org\",\"@graph\":[{\"@type\":\"WebPage\",\"@id\":\"https:\/\/www.hotel-florida-biarritz.com\/es\/nuestros-servicios\/beneficios-y-servicios\/\",\"url\":\"https:\/\/www.hotel-florida-biarritz.com\/es\/nuestros-servicios\/beneficios-y-servicios\/\",\"name\":\"Beneficios y servicios - Hotel Florida\",\"isPartOf\":{\"@id\":\"https:\/\/www.hotel-florida-biarritz.com\/es\/#website\"},\"datePublished\":\"2021-10-14T16:06:36+00:00\",\"dateModified\":\"2022-01-03T09:55:30+00:00\",\"description\":\"Checkin a partir de las 16h00\/ Checkout 11h00 Wifi gratuito en todo el hotel Recepci\u00f3n abierta 24h\/24h Aparcamiento p\u00fablico de pago bajo el hotel Equipo\",\"breadcrumb\":{\"@id\":\"https:\/\/www.hotel-florida-biarritz.com\/es\/nuestros-servicios\/beneficios-y-servicios\/#breadcrumb\"},\"inLanguage\":\"es\",\"potentialAction\":[{\"@type\":\"ReadAction\",\"target\":[\"https:\/\/www.hotel-florida-biarritz.com\/es\/nuestros-servicios\/beneficios-y-servicios\/\"]}]},{\"@type\":\"BreadcrumbList\",\"@id\":\"https:\/\/www.hotel-florida-biarritz.com\/es\/nuestros-servicios\/beneficios-y-servicios\/#breadcrumb\",\"itemListElement\":[{\"@type\":\"ListItem\",\"position\":1,\"name\":\"Home\",\"item\":\"https:\/\/www.hotel-florida-biarritz.com\/es\/\"},{\"@type\":\"ListItem\",\"position\":2,\"name\":\"Nuestros servicios\",\"item\":\"https:\/\/www.hotel-florida-biarritz.com\/es\/nuestros-servicios\/\"},{\"@type\":\"ListItem\",\"position\":3,\"name\":\"Beneficios y servicios\"}]},{\"@type\":\"WebSite\",\"@id\":\"https:\/\/www.hotel-florida-biarritz.com\/es\/#website\",\"url\":\"https:\/\/www.hotel-florida-biarritz.com\/es\/\",\"name\":\"Hotel Florida\",\"description\":\"\",\"potentialAction\":[{\"@type\":\"SearchAction\",\"target\":{\"@type\":\"EntryPoint\",\"urlTemplate\":\"https:\/\/www.hotel-florida-biarritz.com\/es\/?s={search_term_string}\"},\"query-input\":{\"@type\":\"PropertyValueSpecification\",\"valueRequired\":true,\"valueName\":\"search_term_string\"}}],\"inLanguage\":\"es\"}]}<\/script>\n<!-- \/ Yoast SEO plugin. -->","yoast_head_json":{"title":"Beneficios y servicios - Hotel Florida","description":"Checkin a partir de las 16h00\/ Checkout 11h00 Wifi gratuito en todo el hotel Recepci\u00f3n abierta 24h\/24h Aparcamiento p\u00fablico de pago bajo el hotel Equipo","robots":{"index":"index","follow":"follow","max-snippet":"max-snippet:-1","max-image-preview":"max-image-preview:large","max-video-preview":"max-video-preview:-1"},"canonical":"https:\/\/www.hotel-florida-biarritz.com\/es\/nuestros-servicios\/beneficios-y-servicios\/","og_locale":"es_ES","og_type":"article","og_title":"Beneficios y servicios - Hotel Florida","og_description":"Checkin a partir de las 16h00\/ Checkout 11h00 Wifi gratuito en todo el hotel Recepci\u00f3n abierta 24h\/24h Aparcamiento p\u00fablico de pago bajo el hotel Equipo","og_url":"https:\/\/www.hotel-florida-biarritz.com\/es\/nuestros-servicios\/beneficios-y-servicios\/","og_site_name":"Hotel Florida","article_modified_time":"2022-01-03T09:55:30+00:00","twitter_card":"summary_large_image","twitter_misc":{"Tiempo de lectura":"1 minuto"},"schema":{"@context":"https:\/\/schema.org","@graph":[{"@type":"WebPage","@id":"https:\/\/www.hotel-florida-biarritz.com\/es\/nuestros-servicios\/beneficios-y-servicios\/","url":"https:\/\/www.hotel-florida-biarritz.com\/es\/nuestros-servicios\/beneficios-y-servicios\/","name":"Beneficios y servicios - Hotel Florida","isPartOf":{"@id":"https:\/\/www.hotel-florida-biarritz.com\/es\/#website"},"datePublished":"2021-10-14T16:06:36+00:00","dateModified":"2022-01-03T09:55:30+00:00","description":"Checkin a partir de las 16h00\/ Checkout 11h00 Wifi gratuito en todo el hotel Recepci\u00f3n abierta 24h\/24h Aparcamiento p\u00fablico de pago bajo el hotel Equipo","breadcrumb":{"@id":"https:\/\/www.hotel-florida-biarritz.com\/es\/nuestros-servicios\/beneficios-y-servicios\/#breadcrumb"},"inLanguage":"es","potentialAction":[{"@type":"ReadAction","target":["https:\/\/www.hotel-florida-biarritz.com\/es\/nuestros-servicios\/beneficios-y-servicios\/"]}]},{"@type":"BreadcrumbList","@id":"https:\/\/www.hotel-florida-biarritz.com\/es\/nuestros-servicios\/beneficios-y-servicios\/#breadcrumb","itemListElement":[{"@type":"ListItem","position":1,"name":"Home","item":"https:\/\/www.hotel-florida-biarritz.com\/es\/"},{"@type":"ListItem","position":2,"name":"Nuestros servicios","item":"https:\/\/www.hotel-florida-biarritz.com\/es\/nuestros-servicios\/"},{"@type":"ListItem","position":3,"name":"Beneficios y servicios"}]},{"@type":"WebSite","@id":"https:\/\/www.hotel-florida-biarritz.com\/es\/#website","url":"https:\/\/www.hotel-florida-biarritz.com\/es\/","name":"Hotel Florida","description":"","potentialAction":[{"@type":"SearchAction","target":{"@type":"EntryPoint","urlTemplate":"https:\/\/www.hotel-florida-biarritz.com\/es\/?s={search_term_string}"},"query-input":{"@type":"PropertyValueSpecification","valueRequired":true,"valueName":"search_term_string"}}],"inLanguage":"es"}]}},"acf":[],"_links":{"self":[{"href":"https:\/\/www.hotel-florida-biarritz.com\/es\/wp-json\/wp\/v2\/pages\/251","targetHints":{"allow":["GET"]}}],"collection":[{"href":"https:\/\/www.hotel-florida-biarritz.com\/es\/wp-json\/wp\/v2\/pages"}],"about":[{"href":"https:\/\/www.hotel-florida-biarritz.com\/es\/wp-json\/wp\/v2\/types\/page"}],"author":[{"embeddable":true,"href":"https:\/\/www.hotel-florida-biarritz.com\/es\/wp-json\/wp\/v2\/users\/137"}],"replies":[{"embeddable":true,"href":"https:\/\/www.hotel-florida-biarritz.com\/es\/wp-json\/wp\/v2\/comments?post=251"}],"version-history":[{"count":0,"href":"https:\/\/www.hotel-florida-biarritz.com\/es\/wp-json\/wp\/v2\/pages\/251\/revisions"}],"up":[{"embeddable":true,"href":"https:\/\/www.hotel-florida-biarritz.com\/es\/wp-json\/wp\/v2\/pages\/250"}],"wp:attachment":[{"href":"https:\/\/www.hotel-florida-biarritz.com\/es\/wp-json\/wp\/v2\/media?parent=251"}],"curies":[{"name":"wp","href":"https:\/\/api.w.org\/{rel}","templated":true}]}}