{"id":245,"date":"2021-10-14T10:59:54","date_gmt":"2021-10-14T10:59:54","guid":{"rendered":"https:\/\/florida.ms.decms.eu\/nuestras-habitaciones\/suite-junior-avec-balcon-et-vue-sur-ocean\/"},"modified":"2021-12-30T17:16:40","modified_gmt":"2021-12-30T17:16:40","slug":"suite-vistas-al-oceano","status":"publish","type":"page","link":"https:\/\/www.hotel-florida-biarritz.com\/es\/nuestras-habitaciones\/suite-vistas-al-oceano\/","title":{"rendered":"Suite Vistas al Oceano"},"content":{"rendered":"<p style=\"text-align: left;\">Con decoraci\u00f3n contempor\u00e1nea y dise\u00f1o, la suite junior con uno o dos balcones ofrece unas vistas impresionantes del oc\u00e9ano. Esta amplia habitaci\u00f3n es ideal para una estancia en pareja o en familia.<\/p>\n","protected":false},"excerpt":{"rendered":"<p>Con decoraci\u00f3n contempor\u00e1nea y dise\u00f1o, la suite junior con uno o dos balcones ofrece unas vistas impresionantes del oc\u00e9ano. Esta amplia habitaci\u00f3n es ideal para una estancia en pareja o en familia.<\/p>\n","protected":false},"author":137,"featured_media":0,"parent":239,"menu_order":340,"comment_status":"closed","ping_status":"closed","template":"template-single-room.php","meta":{"footnotes":""},"class_list":["post-245","page","type-page","status-publish","hentry"],"yoast_head":"<!-- This site is optimized with the Yoast SEO plugin v26.9 - https:\/\/yoast.com\/product\/yoast-seo-wordpress\/ -->\n<title>Suite Vistas al Oceano - Hotel Florida<\/title>\n<meta name=\"description\" content=\"Con decoraci\u00f3n contempor\u00e1nea y dise\u00f1o, la suite junior con uno o dos balcones ofrece unas vistas impresionantes del oc\u00e9ano. Esta amplia habitaci\u00f3n es\" \/>\n<meta name=\"robots\" content=\"index, follow, max-snippet:-1, max-image-preview:large, max-video-preview:-1\" \/>\n<link rel=\"canonical\" href=\"https:\/\/www.hotel-florida-biarritz.com\/es\/nuestras-habitaciones\/suite-vistas-al-oceano\/\" \/>\n<meta property=\"og:locale\" content=\"es_ES\" \/>\n<meta property=\"og:type\" content=\"article\" \/>\n<meta property=\"og:title\" content=\"Suite Vistas al Oceano - Hotel Florida\" \/>\n<meta property=\"og:description\" content=\"Con decoraci\u00f3n contempor\u00e1nea y dise\u00f1o, la suite junior con uno o dos balcones ofrece unas vistas impresionantes del oc\u00e9ano. Esta amplia habitaci\u00f3n es\" \/>\n<meta property=\"og:url\" content=\"https:\/\/www.hotel-florida-biarritz.com\/es\/nuestras-habitaciones\/suite-vistas-al-oceano\/\" \/>\n<meta property=\"og:site_name\" content=\"Hotel Florida\" \/>\n<meta property=\"article:modified_time\" content=\"2021-12-30T17:16:40+00:00\" \/>\n<meta name=\"twitter:card\" content=\"summary_large_image\" \/>\n<meta name=\"twitter:label1\" content=\"Tiempo de lectura\" \/>\n\t<meta name=\"twitter:data1\" content=\"1 minuto\" \/>\n<script type=\"application\/ld+json\" class=\"yoast-schema-graph\">{\"@context\":\"https:\/\/schema.org\",\"@graph\":[{\"@type\":\"WebPage\",\"@id\":\"https:\/\/www.hotel-florida-biarritz.com\/es\/nuestras-habitaciones\/suite-vistas-al-oceano\/\",\"url\":\"https:\/\/www.hotel-florida-biarritz.com\/es\/nuestras-habitaciones\/suite-vistas-al-oceano\/\",\"name\":\"Suite Vistas al Oceano - Hotel Florida\",\"isPartOf\":{\"@id\":\"https:\/\/www.hotel-florida-biarritz.com\/es\/#website\"},\"datePublished\":\"2021-10-14T10:59:54+00:00\",\"dateModified\":\"2021-12-30T17:16:40+00:00\",\"description\":\"Con decoraci\u00f3n contempor\u00e1nea y dise\u00f1o, la suite junior con uno o dos balcones ofrece unas vistas impresionantes del oc\u00e9ano. Esta amplia habitaci\u00f3n es\",\"breadcrumb\":{\"@id\":\"https:\/\/www.hotel-florida-biarritz.com\/es\/nuestras-habitaciones\/suite-vistas-al-oceano\/#breadcrumb\"},\"inLanguage\":\"es\",\"potentialAction\":[{\"@type\":\"ReadAction\",\"target\":[\"https:\/\/www.hotel-florida-biarritz.com\/es\/nuestras-habitaciones\/suite-vistas-al-oceano\/\"]}]},{\"@type\":\"BreadcrumbList\",\"@id\":\"https:\/\/www.hotel-florida-biarritz.com\/es\/nuestras-habitaciones\/suite-vistas-al-oceano\/#breadcrumb\",\"itemListElement\":[{\"@type\":\"ListItem\",\"position\":1,\"name\":\"Home\",\"item\":\"https:\/\/www.hotel-florida-biarritz.com\/es\/\"},{\"@type\":\"ListItem\",\"position\":2,\"name\":\"Nuestras habitaciones\",\"item\":\"https:\/\/www.hotel-florida-biarritz.com\/es\/nuestras-habitaciones\/\"},{\"@type\":\"ListItem\",\"position\":3,\"name\":\"Suite Vistas al Oceano\"}]},{\"@type\":\"WebSite\",\"@id\":\"https:\/\/www.hotel-florida-biarritz.com\/es\/#website\",\"url\":\"https:\/\/www.hotel-florida-biarritz.com\/es\/\",\"name\":\"Hotel Florida\",\"description\":\"\",\"potentialAction\":[{\"@type\":\"SearchAction\",\"target\":{\"@type\":\"EntryPoint\",\"urlTemplate\":\"https:\/\/www.hotel-florida-biarritz.com\/es\/?s={search_term_string}\"},\"query-input\":{\"@type\":\"PropertyValueSpecification\",\"valueRequired\":true,\"valueName\":\"search_term_string\"}}],\"inLanguage\":\"es\"}]}<\/script>\n<!-- \/ Yoast SEO plugin. -->","yoast_head_json":{"title":"Suite Vistas al Oceano - Hotel Florida","description":"Con decoraci\u00f3n contempor\u00e1nea y dise\u00f1o, la suite junior con uno o dos balcones ofrece unas vistas impresionantes del oc\u00e9ano. Esta amplia habitaci\u00f3n es","robots":{"index":"index","follow":"follow","max-snippet":"max-snippet:-1","max-image-preview":"max-image-preview:large","max-video-preview":"max-video-preview:-1"},"canonical":"https:\/\/www.hotel-florida-biarritz.com\/es\/nuestras-habitaciones\/suite-vistas-al-oceano\/","og_locale":"es_ES","og_type":"article","og_title":"Suite Vistas al Oceano - Hotel Florida","og_description":"Con decoraci\u00f3n contempor\u00e1nea y dise\u00f1o, la suite junior con uno o dos balcones ofrece unas vistas impresionantes del oc\u00e9ano. Esta amplia habitaci\u00f3n es","og_url":"https:\/\/www.hotel-florida-biarritz.com\/es\/nuestras-habitaciones\/suite-vistas-al-oceano\/","og_site_name":"Hotel Florida","article_modified_time":"2021-12-30T17:16:40+00:00","twitter_card":"summary_large_image","twitter_misc":{"Tiempo de lectura":"1 minuto"},"schema":{"@context":"https:\/\/schema.org","@graph":[{"@type":"WebPage","@id":"https:\/\/www.hotel-florida-biarritz.com\/es\/nuestras-habitaciones\/suite-vistas-al-oceano\/","url":"https:\/\/www.hotel-florida-biarritz.com\/es\/nuestras-habitaciones\/suite-vistas-al-oceano\/","name":"Suite Vistas al Oceano - Hotel Florida","isPartOf":{"@id":"https:\/\/www.hotel-florida-biarritz.com\/es\/#website"},"datePublished":"2021-10-14T10:59:54+00:00","dateModified":"2021-12-30T17:16:40+00:00","description":"Con decoraci\u00f3n contempor\u00e1nea y dise\u00f1o, la suite junior con uno o dos balcones ofrece unas vistas impresionantes del oc\u00e9ano. Esta amplia habitaci\u00f3n es","breadcrumb":{"@id":"https:\/\/www.hotel-florida-biarritz.com\/es\/nuestras-habitaciones\/suite-vistas-al-oceano\/#breadcrumb"},"inLanguage":"es","potentialAction":[{"@type":"ReadAction","target":["https:\/\/www.hotel-florida-biarritz.com\/es\/nuestras-habitaciones\/suite-vistas-al-oceano\/"]}]},{"@type":"BreadcrumbList","@id":"https:\/\/www.hotel-florida-biarritz.com\/es\/nuestras-habitaciones\/suite-vistas-al-oceano\/#breadcrumb","itemListElement":[{"@type":"ListItem","position":1,"name":"Home","item":"https:\/\/www.hotel-florida-biarritz.com\/es\/"},{"@type":"ListItem","position":2,"name":"Nuestras habitaciones","item":"https:\/\/www.hotel-florida-biarritz.com\/es\/nuestras-habitaciones\/"},{"@type":"ListItem","position":3,"name":"Suite Vistas al Oceano"}]},{"@type":"WebSite","@id":"https:\/\/www.hotel-florida-biarritz.com\/es\/#website","url":"https:\/\/www.hotel-florida-biarritz.com\/es\/","name":"Hotel Florida","description":"","potentialAction":[{"@type":"SearchAction","target":{"@type":"EntryPoint","urlTemplate":"https:\/\/www.hotel-florida-biarritz.com\/es\/?s={search_term_string}"},"query-input":{"@type":"PropertyValueSpecification","valueRequired":true,"valueName":"search_term_string"}}],"inLanguage":"es"}]}},"acf":[],"_links":{"self":[{"href":"https:\/\/www.hotel-florida-biarritz.com\/es\/wp-json\/wp\/v2\/pages\/245","targetHints":{"allow":["GET"]}}],"collection":[{"href":"https:\/\/www.hotel-florida-biarritz.com\/es\/wp-json\/wp\/v2\/pages"}],"about":[{"href":"https:\/\/www.hotel-florida-biarritz.com\/es\/wp-json\/wp\/v2\/types\/page"}],"author":[{"embeddable":true,"href":"https:\/\/www.hotel-florida-biarritz.com\/es\/wp-json\/wp\/v2\/users\/137"}],"replies":[{"embeddable":true,"href":"https:\/\/www.hotel-florida-biarritz.com\/es\/wp-json\/wp\/v2\/comments?post=245"}],"version-history":[{"count":0,"href":"https:\/\/www.hotel-florida-biarritz.com\/es\/wp-json\/wp\/v2\/pages\/245\/revisions"}],"up":[{"embeddable":true,"href":"https:\/\/www.hotel-florida-biarritz.com\/es\/wp-json\/wp\/v2\/pages\/239"}],"wp:attachment":[{"href":"https:\/\/www.hotel-florida-biarritz.com\/es\/wp-json\/wp\/v2\/media?parent=245"}],"curies":[{"name":"wp","href":"https:\/\/api.w.org\/{rel}","templated":true}]}}