{"id":242,"date":"2021-10-14T10:16:43","date_gmt":"2021-10-14T10:16:43","guid":{"rendered":"https:\/\/florida.ms.decms.eu\/nuestras-habitaciones\/chambre-double-avec-balcon-vue-sur-ocean\/"},"modified":"2021-12-10T13:12:44","modified_gmt":"2021-12-10T13:12:44","slug":"habitacion-estandar-vistas-al-oceano","status":"publish","type":"page","link":"https:\/\/www.hotel-florida-biarritz.com\/es\/nuestras-habitaciones\/habitacion-estandar-vistas-al-oceano\/","title":{"rendered":"Habitaci\u00f3n Est\u00e1ndar Vistas al Oceano"},"content":{"rendered":"<p>A la decoraci\u00f3n contempor\u00e1nea y dise\u00f1o, esta habitaci\u00f3n perfectamente equipada ofrece a sus ocupantes un concentrado de estilo y confort. Ideal para una estancia individual o en pareja, dispone de balc\u00f3n con vistas al oc\u00e9ano.<\/p>\n","protected":false},"excerpt":{"rendered":"<p>A la decoraci\u00f3n contempor\u00e1nea y dise\u00f1o, esta habitaci\u00f3n perfectamente equipada ofrece a sus ocupantes un concentrado de estilo y confort. Ideal para una estancia individual o en pareja, dispone de balc\u00f3n con vistas al oc\u00e9ano.<\/p>\n","protected":false},"author":137,"featured_media":0,"parent":239,"menu_order":320,"comment_status":"closed","ping_status":"closed","template":"template-single-room.php","meta":{"footnotes":""},"class_list":["post-242","page","type-page","status-publish","hentry"],"yoast_head":"<!-- This site is optimized with the Yoast SEO plugin v26.9 - https:\/\/yoast.com\/product\/yoast-seo-wordpress\/ -->\n<title>Habitaci\u00f3n Est\u00e1ndar Vistas al Oceano - Hotel Florida<\/title>\n<meta name=\"description\" content=\"A la decoraci\u00f3n contempor\u00e1nea y dise\u00f1o, esta habitaci\u00f3n perfectamente equipada ofrece a sus ocupantes un concentrado de estilo y confort. Ideal para una\" \/>\n<meta name=\"robots\" content=\"index, follow, max-snippet:-1, max-image-preview:large, max-video-preview:-1\" \/>\n<link rel=\"canonical\" href=\"https:\/\/www.hotel-florida-biarritz.com\/es\/nuestras-habitaciones\/habitacion-estandar-vistas-al-oceano\/\" \/>\n<meta property=\"og:locale\" content=\"es_ES\" \/>\n<meta property=\"og:type\" content=\"article\" \/>\n<meta property=\"og:title\" content=\"Habitaci\u00f3n Est\u00e1ndar Vistas al Oceano - Hotel Florida\" \/>\n<meta property=\"og:description\" content=\"A la decoraci\u00f3n contempor\u00e1nea y dise\u00f1o, esta habitaci\u00f3n perfectamente equipada ofrece a sus ocupantes un concentrado de estilo y confort. Ideal para una\" \/>\n<meta property=\"og:url\" content=\"https:\/\/www.hotel-florida-biarritz.com\/es\/nuestras-habitaciones\/habitacion-estandar-vistas-al-oceano\/\" \/>\n<meta property=\"og:site_name\" content=\"Hotel Florida\" \/>\n<meta property=\"article:modified_time\" content=\"2021-12-10T13:12:44+00:00\" \/>\n<meta name=\"twitter:card\" content=\"summary_large_image\" \/>\n<meta name=\"twitter:label1\" content=\"Tiempo de lectura\" \/>\n\t<meta name=\"twitter:data1\" content=\"1 minuto\" \/>\n<script type=\"application\/ld+json\" class=\"yoast-schema-graph\">{\"@context\":\"https:\/\/schema.org\",\"@graph\":[{\"@type\":\"WebPage\",\"@id\":\"https:\/\/www.hotel-florida-biarritz.com\/es\/nuestras-habitaciones\/habitacion-estandar-vistas-al-oceano\/\",\"url\":\"https:\/\/www.hotel-florida-biarritz.com\/es\/nuestras-habitaciones\/habitacion-estandar-vistas-al-oceano\/\",\"name\":\"Habitaci\u00f3n Est\u00e1ndar Vistas al Oceano - Hotel Florida\",\"isPartOf\":{\"@id\":\"https:\/\/www.hotel-florida-biarritz.com\/es\/#website\"},\"datePublished\":\"2021-10-14T10:16:43+00:00\",\"dateModified\":\"2021-12-10T13:12:44+00:00\",\"description\":\"A la decoraci\u00f3n contempor\u00e1nea y dise\u00f1o, esta habitaci\u00f3n perfectamente equipada ofrece a sus ocupantes un concentrado de estilo y confort. Ideal para una\",\"breadcrumb\":{\"@id\":\"https:\/\/www.hotel-florida-biarritz.com\/es\/nuestras-habitaciones\/habitacion-estandar-vistas-al-oceano\/#breadcrumb\"},\"inLanguage\":\"es\",\"potentialAction\":[{\"@type\":\"ReadAction\",\"target\":[\"https:\/\/www.hotel-florida-biarritz.com\/es\/nuestras-habitaciones\/habitacion-estandar-vistas-al-oceano\/\"]}]},{\"@type\":\"BreadcrumbList\",\"@id\":\"https:\/\/www.hotel-florida-biarritz.com\/es\/nuestras-habitaciones\/habitacion-estandar-vistas-al-oceano\/#breadcrumb\",\"itemListElement\":[{\"@type\":\"ListItem\",\"position\":1,\"name\":\"Home\",\"item\":\"https:\/\/www.hotel-florida-biarritz.com\/es\/\"},{\"@type\":\"ListItem\",\"position\":2,\"name\":\"Nuestras habitaciones\",\"item\":\"https:\/\/www.hotel-florida-biarritz.com\/es\/nuestras-habitaciones\/\"},{\"@type\":\"ListItem\",\"position\":3,\"name\":\"Habitaci\u00f3n Est\u00e1ndar Vistas al Oceano\"}]},{\"@type\":\"WebSite\",\"@id\":\"https:\/\/www.hotel-florida-biarritz.com\/es\/#website\",\"url\":\"https:\/\/www.hotel-florida-biarritz.com\/es\/\",\"name\":\"Hotel Florida\",\"description\":\"\",\"potentialAction\":[{\"@type\":\"SearchAction\",\"target\":{\"@type\":\"EntryPoint\",\"urlTemplate\":\"https:\/\/www.hotel-florida-biarritz.com\/es\/?s={search_term_string}\"},\"query-input\":{\"@type\":\"PropertyValueSpecification\",\"valueRequired\":true,\"valueName\":\"search_term_string\"}}],\"inLanguage\":\"es\"}]}<\/script>\n<!-- \/ Yoast SEO plugin. -->","yoast_head_json":{"title":"Habitaci\u00f3n Est\u00e1ndar Vistas al Oceano - Hotel Florida","description":"A la decoraci\u00f3n contempor\u00e1nea y dise\u00f1o, esta habitaci\u00f3n perfectamente equipada ofrece a sus ocupantes un concentrado de estilo y confort. Ideal para una","robots":{"index":"index","follow":"follow","max-snippet":"max-snippet:-1","max-image-preview":"max-image-preview:large","max-video-preview":"max-video-preview:-1"},"canonical":"https:\/\/www.hotel-florida-biarritz.com\/es\/nuestras-habitaciones\/habitacion-estandar-vistas-al-oceano\/","og_locale":"es_ES","og_type":"article","og_title":"Habitaci\u00f3n Est\u00e1ndar Vistas al Oceano - Hotel Florida","og_description":"A la decoraci\u00f3n contempor\u00e1nea y dise\u00f1o, esta habitaci\u00f3n perfectamente equipada ofrece a sus ocupantes un concentrado de estilo y confort. Ideal para una","og_url":"https:\/\/www.hotel-florida-biarritz.com\/es\/nuestras-habitaciones\/habitacion-estandar-vistas-al-oceano\/","og_site_name":"Hotel Florida","article_modified_time":"2021-12-10T13:12:44+00:00","twitter_card":"summary_large_image","twitter_misc":{"Tiempo de lectura":"1 minuto"},"schema":{"@context":"https:\/\/schema.org","@graph":[{"@type":"WebPage","@id":"https:\/\/www.hotel-florida-biarritz.com\/es\/nuestras-habitaciones\/habitacion-estandar-vistas-al-oceano\/","url":"https:\/\/www.hotel-florida-biarritz.com\/es\/nuestras-habitaciones\/habitacion-estandar-vistas-al-oceano\/","name":"Habitaci\u00f3n Est\u00e1ndar Vistas al Oceano - Hotel Florida","isPartOf":{"@id":"https:\/\/www.hotel-florida-biarritz.com\/es\/#website"},"datePublished":"2021-10-14T10:16:43+00:00","dateModified":"2021-12-10T13:12:44+00:00","description":"A la decoraci\u00f3n contempor\u00e1nea y dise\u00f1o, esta habitaci\u00f3n perfectamente equipada ofrece a sus ocupantes un concentrado de estilo y confort. Ideal para una","breadcrumb":{"@id":"https:\/\/www.hotel-florida-biarritz.com\/es\/nuestras-habitaciones\/habitacion-estandar-vistas-al-oceano\/#breadcrumb"},"inLanguage":"es","potentialAction":[{"@type":"ReadAction","target":["https:\/\/www.hotel-florida-biarritz.com\/es\/nuestras-habitaciones\/habitacion-estandar-vistas-al-oceano\/"]}]},{"@type":"BreadcrumbList","@id":"https:\/\/www.hotel-florida-biarritz.com\/es\/nuestras-habitaciones\/habitacion-estandar-vistas-al-oceano\/#breadcrumb","itemListElement":[{"@type":"ListItem","position":1,"name":"Home","item":"https:\/\/www.hotel-florida-biarritz.com\/es\/"},{"@type":"ListItem","position":2,"name":"Nuestras habitaciones","item":"https:\/\/www.hotel-florida-biarritz.com\/es\/nuestras-habitaciones\/"},{"@type":"ListItem","position":3,"name":"Habitaci\u00f3n Est\u00e1ndar Vistas al Oceano"}]},{"@type":"WebSite","@id":"https:\/\/www.hotel-florida-biarritz.com\/es\/#website","url":"https:\/\/www.hotel-florida-biarritz.com\/es\/","name":"Hotel Florida","description":"","potentialAction":[{"@type":"SearchAction","target":{"@type":"EntryPoint","urlTemplate":"https:\/\/www.hotel-florida-biarritz.com\/es\/?s={search_term_string}"},"query-input":{"@type":"PropertyValueSpecification","valueRequired":true,"valueName":"search_term_string"}}],"inLanguage":"es"}]}},"acf":[],"_links":{"self":[{"href":"https:\/\/www.hotel-florida-biarritz.com\/es\/wp-json\/wp\/v2\/pages\/242","targetHints":{"allow":["GET"]}}],"collection":[{"href":"https:\/\/www.hotel-florida-biarritz.com\/es\/wp-json\/wp\/v2\/pages"}],"about":[{"href":"https:\/\/www.hotel-florida-biarritz.com\/es\/wp-json\/wp\/v2\/types\/page"}],"author":[{"embeddable":true,"href":"https:\/\/www.hotel-florida-biarritz.com\/es\/wp-json\/wp\/v2\/users\/137"}],"replies":[{"embeddable":true,"href":"https:\/\/www.hotel-florida-biarritz.com\/es\/wp-json\/wp\/v2\/comments?post=242"}],"version-history":[{"count":0,"href":"https:\/\/www.hotel-florida-biarritz.com\/es\/wp-json\/wp\/v2\/pages\/242\/revisions"}],"up":[{"embeddable":true,"href":"https:\/\/www.hotel-florida-biarritz.com\/es\/wp-json\/wp\/v2\/pages\/239"}],"wp:attachment":[{"href":"https:\/\/www.hotel-florida-biarritz.com\/es\/wp-json\/wp\/v2\/media?parent=242"}],"curies":[{"name":"wp","href":"https:\/\/api.w.org\/{rel}","templated":true}]}}