{"id":236,"date":"2021-10-06T15:14:20","date_gmt":"2021-10-06T15:14:20","guid":{"rendered":"https:\/\/florida.ms.decms.eu\/sample-page\/"},"modified":"2021-12-30T17:15:10","modified_gmt":"2021-12-30T17:15:10","slug":"sample-page","status":"publish","type":"page","link":"https:\/\/www.hotel-florida-biarritz.com\/es\/","title":{"rendered":"Hotel Florida"},"content":{"rendered":"<p style=\"text-align: center;\">Con una ubicaci\u00f3n ideal en la famosa Plaza Sainte Eug\u00e9nie en el coraz\u00f3n de Biarritz, el Hotel Florida ofrece una impresionante vista al mar.<br \/>\nEn el centro de la ciudad , a 300 m de la playa, de los centros de talasoterapia, de los lugares de conferencias y del casino Barriere, el hotel tiene capacidad para estancias de negocios como vacacionales.<\/p>\n<p style=\"text-align: center;\">Fundado en 1873 por el antiguo \u201cchef\u201d del Rey de Espa\u00f1a , el hotel ha sido completamente renovado y ahora ofrece 35 habitaciones y suites as\u00ed que 6 apartamentos.<br \/>\nEl equipo del Hotel Florida se compone principalmente de personas presentes desde muchos a\u00f1os y especialmente dedicados a sus clientes.<\/p>\n<p style=\"text-align: center;\">No dude en contactarnos, estaremos a su disposici\u00f3n para hacer su estancia inolvidable.<\/p>\n","protected":false},"excerpt":{"rendered":"<p>Con una ubicaci\u00f3n ideal en la famosa Plaza Sainte Eug\u00e9nie en el coraz\u00f3n de Biarritz, el Hotel Florida ofrece una impresionante vista al mar. En el centro de la ciudad , a 300 m de la playa, de los centros de talasoterapia, de los lugares de conferencias y del casino Barriere, el hotel tiene capacidad [&hellip;]<\/p>\n","protected":false},"author":46,"featured_media":0,"parent":0,"menu_order":10,"comment_status":"closed","ping_status":"closed","template":"","meta":{"footnotes":""},"class_list":["post-236","page","type-page","status-publish","hentry"],"yoast_head":"<!-- This site is optimized with the Yoast SEO plugin v26.9 - https:\/\/yoast.com\/product\/yoast-seo-wordpress\/ -->\n<title>Hotel Florida - Hotel Florida<\/title>\n<meta name=\"description\" content=\"Con una ubicaci\u00f3n ideal en la famosa Plaza Sainte Eug\u00e9nie en el coraz\u00f3n de Biarritz, el Hotel Florida ofrece una impresionante vista al mar. En el centro\" \/>\n<meta name=\"robots\" content=\"index, follow, max-snippet:-1, max-image-preview:large, max-video-preview:-1\" \/>\n<link rel=\"canonical\" href=\"https:\/\/www.hotel-florida-biarritz.com\/es\/\" \/>\n<meta property=\"og:locale\" content=\"es_ES\" \/>\n<meta property=\"og:type\" content=\"article\" \/>\n<meta property=\"og:title\" content=\"Hotel Florida - Hotel Florida\" \/>\n<meta property=\"og:description\" content=\"Con una ubicaci\u00f3n ideal en la famosa Plaza Sainte Eug\u00e9nie en el coraz\u00f3n de Biarritz, el Hotel Florida ofrece una impresionante vista al mar. En el centro\" \/>\n<meta property=\"og:url\" content=\"https:\/\/www.hotel-florida-biarritz.com\/es\/\" \/>\n<meta property=\"og:site_name\" content=\"Hotel Florida\" \/>\n<meta property=\"article:modified_time\" content=\"2021-12-30T17:15:10+00:00\" \/>\n<meta name=\"twitter:card\" content=\"summary_large_image\" \/>\n<meta name=\"twitter:label1\" content=\"Tiempo de lectura\" \/>\n\t<meta name=\"twitter:data1\" content=\"1 minuto\" \/>\n<script type=\"application\/ld+json\" class=\"yoast-schema-graph\">{\"@context\":\"https:\/\/schema.org\",\"@graph\":[{\"@type\":\"WebPage\",\"@id\":\"https:\/\/www.hotel-florida-biarritz.com\/es\/\",\"url\":\"https:\/\/www.hotel-florida-biarritz.com\/es\/\",\"name\":\"Hotel Florida - Hotel Florida\",\"isPartOf\":{\"@id\":\"https:\/\/www.hotel-florida-biarritz.com\/es\/#website\"},\"datePublished\":\"2021-10-06T15:14:20+00:00\",\"dateModified\":\"2021-12-30T17:15:10+00:00\",\"description\":\"Con una ubicaci\u00f3n ideal en la famosa Plaza Sainte Eug\u00e9nie en el coraz\u00f3n de Biarritz, el Hotel Florida ofrece una impresionante vista al mar. En el centro\",\"breadcrumb\":{\"@id\":\"https:\/\/www.hotel-florida-biarritz.com\/es\/#breadcrumb\"},\"inLanguage\":\"es\",\"potentialAction\":[{\"@type\":\"ReadAction\",\"target\":[\"https:\/\/www.hotel-florida-biarritz.com\/es\/\"]}]},{\"@type\":\"BreadcrumbList\",\"@id\":\"https:\/\/www.hotel-florida-biarritz.com\/es\/#breadcrumb\",\"itemListElement\":[{\"@type\":\"ListItem\",\"position\":1,\"name\":\"Home\",\"item\":\"https:\/\/www.hotel-florida-biarritz.com\/es\/\"},{\"@type\":\"ListItem\",\"position\":2,\"name\":\"Hotel Florida\"}]},{\"@type\":\"WebSite\",\"@id\":\"https:\/\/www.hotel-florida-biarritz.com\/es\/#website\",\"url\":\"https:\/\/www.hotel-florida-biarritz.com\/es\/\",\"name\":\"Hotel Florida\",\"description\":\"\",\"potentialAction\":[{\"@type\":\"SearchAction\",\"target\":{\"@type\":\"EntryPoint\",\"urlTemplate\":\"https:\/\/www.hotel-florida-biarritz.com\/es\/?s={search_term_string}\"},\"query-input\":{\"@type\":\"PropertyValueSpecification\",\"valueRequired\":true,\"valueName\":\"search_term_string\"}}],\"inLanguage\":\"es\"}]}<\/script>\n<!-- \/ Yoast SEO plugin. -->","yoast_head_json":{"title":"Hotel Florida - Hotel Florida","description":"Con una ubicaci\u00f3n ideal en la famosa Plaza Sainte Eug\u00e9nie en el coraz\u00f3n de Biarritz, el Hotel Florida ofrece una impresionante vista al mar. En el centro","robots":{"index":"index","follow":"follow","max-snippet":"max-snippet:-1","max-image-preview":"max-image-preview:large","max-video-preview":"max-video-preview:-1"},"canonical":"https:\/\/www.hotel-florida-biarritz.com\/es\/","og_locale":"es_ES","og_type":"article","og_title":"Hotel Florida - Hotel Florida","og_description":"Con una ubicaci\u00f3n ideal en la famosa Plaza Sainte Eug\u00e9nie en el coraz\u00f3n de Biarritz, el Hotel Florida ofrece una impresionante vista al mar. En el centro","og_url":"https:\/\/www.hotel-florida-biarritz.com\/es\/","og_site_name":"Hotel Florida","article_modified_time":"2021-12-30T17:15:10+00:00","twitter_card":"summary_large_image","twitter_misc":{"Tiempo de lectura":"1 minuto"},"schema":{"@context":"https:\/\/schema.org","@graph":[{"@type":"WebPage","@id":"https:\/\/www.hotel-florida-biarritz.com\/es\/","url":"https:\/\/www.hotel-florida-biarritz.com\/es\/","name":"Hotel Florida - Hotel Florida","isPartOf":{"@id":"https:\/\/www.hotel-florida-biarritz.com\/es\/#website"},"datePublished":"2021-10-06T15:14:20+00:00","dateModified":"2021-12-30T17:15:10+00:00","description":"Con una ubicaci\u00f3n ideal en la famosa Plaza Sainte Eug\u00e9nie en el coraz\u00f3n de Biarritz, el Hotel Florida ofrece una impresionante vista al mar. En el centro","breadcrumb":{"@id":"https:\/\/www.hotel-florida-biarritz.com\/es\/#breadcrumb"},"inLanguage":"es","potentialAction":[{"@type":"ReadAction","target":["https:\/\/www.hotel-florida-biarritz.com\/es\/"]}]},{"@type":"BreadcrumbList","@id":"https:\/\/www.hotel-florida-biarritz.com\/es\/#breadcrumb","itemListElement":[{"@type":"ListItem","position":1,"name":"Home","item":"https:\/\/www.hotel-florida-biarritz.com\/es\/"},{"@type":"ListItem","position":2,"name":"Hotel Florida"}]},{"@type":"WebSite","@id":"https:\/\/www.hotel-florida-biarritz.com\/es\/#website","url":"https:\/\/www.hotel-florida-biarritz.com\/es\/","name":"Hotel Florida","description":"","potentialAction":[{"@type":"SearchAction","target":{"@type":"EntryPoint","urlTemplate":"https:\/\/www.hotel-florida-biarritz.com\/es\/?s={search_term_string}"},"query-input":{"@type":"PropertyValueSpecification","valueRequired":true,"valueName":"search_term_string"}}],"inLanguage":"es"}]}},"acf":[],"_links":{"self":[{"href":"https:\/\/www.hotel-florida-biarritz.com\/es\/wp-json\/wp\/v2\/pages\/236","targetHints":{"allow":["GET"]}}],"collection":[{"href":"https:\/\/www.hotel-florida-biarritz.com\/es\/wp-json\/wp\/v2\/pages"}],"about":[{"href":"https:\/\/www.hotel-florida-biarritz.com\/es\/wp-json\/wp\/v2\/types\/page"}],"author":[{"embeddable":true,"href":"https:\/\/www.hotel-florida-biarritz.com\/es\/wp-json\/wp\/v2\/users\/46"}],"replies":[{"embeddable":true,"href":"https:\/\/www.hotel-florida-biarritz.com\/es\/wp-json\/wp\/v2\/comments?post=236"}],"version-history":[{"count":0,"href":"https:\/\/www.hotel-florida-biarritz.com\/es\/wp-json\/wp\/v2\/pages\/236\/revisions"}],"wp:attachment":[{"href":"https:\/\/www.hotel-florida-biarritz.com\/es\/wp-json\/wp\/v2\/media?parent=236"}],"curies":[{"name":"wp","href":"https:\/\/api.w.org\/{rel}","templated":true}]}}